{"id":95,"date":"2019-07-24T10:21:59","date_gmt":"2019-07-24T10:21:59","guid":{"rendered":"https:\/\/viverosalmendral.cl\/cat\/?post_type=product&#038;p=95"},"modified":"2023-04-29T19:43:11","modified_gmt":"2023-04-29T19:43:11","slug":"cipres-macrocarpa-cupressus-macrocarpa","status":"publish","type":"product","link":"https:\/\/viverosalmendral.cl\/cat\/producto\/cipres-macrocarpa-cupressus-macrocarpa\/","title":{"rendered":"Cipres Macrocarpa (Cupressus macrocarpa)"},"content":{"rendered":"<p>Cupressus Macrocarpa o Cipres de Monterrey:<\/p>\n<p>\u00c1rbol nativo del sur de California(cerca de Monterrey).Presenta un aspecto piramidal con copa ancha. Puede alcanzar los 20 a 30 metros de altura. Su corteza es gruesa,color caf\u00e9-rojizo que con el tiempo se fragmenta poni\u00e9ndose arrugada y escamosa.Hojas verdes y escamosas. Los frutos son conos de 2 a 3 cm. de di\u00e1metro.<\/p>\n","protected":false},"excerpt":{"rendered":"<p>Cupressus Macrocarpa o Cipres de Monterrey:<\/p>\n<p>\u00c1rbol nativo del sur de California(cerca de Monterrey).Presenta un aspecto piramidal con copa ancha. Puede alcanzar los 20 a 30 metros de altura.<\/p>\n","protected":false},"featured_media":96,"comment_status":"open","ping_status":"closed","template":"","meta":[],"product_brand":[],"product_cat":[17],"product_tag":[23],"class_list":{"0":"post-95","1":"product","2":"type-product","3":"status-publish","4":"has-post-thumbnail","6":"product_cat-arboles","7":"product_tag-cipres","9":"first","10":"instock","11":"shipping-taxable","12":"product-type-simple"},"_links":{"self":[{"href":"https:\/\/viverosalmendral.cl\/cat\/wp-json\/wp\/v2\/product\/95","targetHints":{"allow":["GET"]}}],"collection":[{"href":"https:\/\/viverosalmendral.cl\/cat\/wp-json\/wp\/v2\/product"}],"about":[{"href":"https:\/\/viverosalmendral.cl\/cat\/wp-json\/wp\/v2\/types\/product"}],"replies":[{"embeddable":true,"href":"https:\/\/viverosalmendral.cl\/cat\/wp-json\/wp\/v2\/comments?post=95"}],"version-history":[{"count":0,"href":"https:\/\/viverosalmendral.cl\/cat\/wp-json\/wp\/v2\/product\/95\/revisions"}],"wp:featuredmedia":[{"embeddable":true,"href":"https:\/\/viverosalmendral.cl\/cat\/wp-json\/wp\/v2\/media\/96"}],"wp:attachment":[{"href":"https:\/\/viverosalmendral.cl\/cat\/wp-json\/wp\/v2\/media?parent=95"}],"wp:term":[{"taxonomy":"product_brand","embeddable":true,"href":"https:\/\/viverosalmendral.cl\/cat\/wp-json\/wp\/v2\/product_brand?post=95"},{"taxonomy":"product_cat","embeddable":true,"href":"https:\/\/viverosalmendral.cl\/cat\/wp-json\/wp\/v2\/product_cat?post=95"},{"taxonomy":"product_tag","embeddable":true,"href":"https:\/\/viverosalmendral.cl\/cat\/wp-json\/wp\/v2\/product_tag?post=95"}],"curies":[{"name":"wp","href":"https:\/\/api.w.org\/{rel}","templated":true}]}}