{"id":75,"date":"2019-07-23T19:17:30","date_gmt":"2019-07-23T19:17:30","guid":{"rendered":"https:\/\/viverosalmendral.cl\/cat\/?post_type=product&#038;p=75"},"modified":"2019-07-23T19:17:30","modified_gmt":"2019-07-23T19:17:30","slug":"arbol-de-judea-cercis-siliquastrum","status":"publish","type":"product","link":"https:\/\/viverosalmendral.cl\/cat\/producto\/arbol-de-judea-cercis-siliquastrum\/","title":{"rendered":"\u00c1rbol de Judea (Cercis Siliquastrum)"},"content":{"rendered":"<p>Arbol caducifolio de talla peque\u00f1a que alcanza normalmente de 4 a 6 m pero que puede llegar hasta los 15 m de altura. Alcanza su crecimiento pleno a los 20 a\u00f1os aproximadamente. A principios de la primavera est\u00e1 cubierto con una capa de flores rosas, que aparecen antes que las hojas. El tronco posee madera lisa que se vuelve negra y tortuosa con la edad. La copa es abierta e irregular.<\/p>\n<p>Las hojas son simples, alternas, de redondeadas a acordiformes, de 7 a 12 cm de longitud, con el \u00e1pice redondeado y largamente pecioladas. La inervaci\u00f3n es palmeada. Son de color verde claro en el haz y de tono ligeramente glauco (gris-azulado) en el env\u00e9s.<\/p>\n","protected":false},"excerpt":{"rendered":"<p>Arbol caducifolio de talla peque\u00f1a que alcanza normalmente de 4 a 6 m pero que puede llegar hasta los 15 m de altura. Alcanza su crecimiento pleno a los 20 a\u00f1os aproximadamente. A principios de la primavera est\u00e1 cubierto con una capa de flores rosas, que aparecen antes que las hojas. El tronco posee madera lisa que se vuelve negra y tortuosa con la edad. La copa es abierta e irregular<\/p>\n","protected":false},"featured_media":76,"comment_status":"open","ping_status":"closed","template":"","meta":[],"product_brand":[],"product_cat":[17],"product_tag":[20],"class_list":{"0":"post-75","1":"product","2":"type-product","3":"status-publish","4":"has-post-thumbnail","6":"product_cat-arboles","7":"product_tag-arbol-judea","9":"first","10":"instock","11":"shipping-taxable","12":"product-type-simple"},"_links":{"self":[{"href":"https:\/\/viverosalmendral.cl\/cat\/wp-json\/wp\/v2\/product\/75","targetHints":{"allow":["GET"]}}],"collection":[{"href":"https:\/\/viverosalmendral.cl\/cat\/wp-json\/wp\/v2\/product"}],"about":[{"href":"https:\/\/viverosalmendral.cl\/cat\/wp-json\/wp\/v2\/types\/product"}],"replies":[{"embeddable":true,"href":"https:\/\/viverosalmendral.cl\/cat\/wp-json\/wp\/v2\/comments?post=75"}],"version-history":[{"count":0,"href":"https:\/\/viverosalmendral.cl\/cat\/wp-json\/wp\/v2\/product\/75\/revisions"}],"wp:featuredmedia":[{"embeddable":true,"href":"https:\/\/viverosalmendral.cl\/cat\/wp-json\/wp\/v2\/media\/76"}],"wp:attachment":[{"href":"https:\/\/viverosalmendral.cl\/cat\/wp-json\/wp\/v2\/media?parent=75"}],"wp:term":[{"taxonomy":"product_brand","embeddable":true,"href":"https:\/\/viverosalmendral.cl\/cat\/wp-json\/wp\/v2\/product_brand?post=75"},{"taxonomy":"product_cat","embeddable":true,"href":"https:\/\/viverosalmendral.cl\/cat\/wp-json\/wp\/v2\/product_cat?post=75"},{"taxonomy":"product_tag","embeddable":true,"href":"https:\/\/viverosalmendral.cl\/cat\/wp-json\/wp\/v2\/product_tag?post=75"}],"curies":[{"name":"wp","href":"https:\/\/api.w.org\/{rel}","templated":true}]}}