{"id":72,"date":"2019-07-23T19:14:48","date_gmt":"2019-07-23T19:14:48","guid":{"rendered":"https:\/\/viverosalmendral.cl\/cat\/?post_type=product&#038;p=72"},"modified":"2019-07-23T19:14:48","modified_gmt":"2019-07-23T19:14:48","slug":"alcornoque-quercus-suber","status":"publish","type":"product","link":"https:\/\/viverosalmendral.cl\/cat\/producto\/alcornoque-quercus-suber\/","title":{"rendered":"Alcornoque (Quercus suber)"},"content":{"rendered":"<p>Arbol de porte medio, de hoja perenne, nativo de Europa y el norte de \u00c1frica. De su corteza se obtiene el corcho.<\/p>\n<p>Sus hojas tienen de 4 a 7 cm de longitud, pueden ser lobuladas o aserradas, de color verde oscuro en el haz y m\u00e1s claras por el env\u00e9s. Sus bellotas son de 2 a 3 cm de longitud.<\/p>\n<p>viven entre 150 y 250 a\u00f1os. El corcho bornizo es el que se obtiene en la primera recolecci\u00f3n, que se hace cuando el \u00e1rbol alcanza los 30-50 a\u00f1os de edad. A partir de entonces se puede recolectar cada 9-14 a\u00f1os<\/p>\n","protected":false},"excerpt":{"rendered":"<p>Arbol de porte medio, de hoja perenne, nativo de Europa y el norte de \u00c1frica. De su corteza se obtiene el corcho.<\/p>\n<p>Sus hojas tienen de 4 a 7 cm de longitud, pueden ser lobuladas o aserradas, de color verde oscuro en el haz y m\u00e1s claras por el env\u00e9s. Sus bellotas son de 2 a 3 cm de longitud.<\/p>\n","protected":false},"featured_media":73,"comment_status":"open","ping_status":"closed","template":"","meta":[],"product_brand":[],"product_cat":[17],"product_tag":[],"class_list":{"0":"post-72","1":"product","2":"type-product","3":"status-publish","4":"has-post-thumbnail","6":"product_cat-arboles","8":"first","9":"instock","10":"shipping-taxable","11":"product-type-simple"},"_links":{"self":[{"href":"https:\/\/viverosalmendral.cl\/cat\/wp-json\/wp\/v2\/product\/72","targetHints":{"allow":["GET"]}}],"collection":[{"href":"https:\/\/viverosalmendral.cl\/cat\/wp-json\/wp\/v2\/product"}],"about":[{"href":"https:\/\/viverosalmendral.cl\/cat\/wp-json\/wp\/v2\/types\/product"}],"replies":[{"embeddable":true,"href":"https:\/\/viverosalmendral.cl\/cat\/wp-json\/wp\/v2\/comments?post=72"}],"version-history":[{"count":0,"href":"https:\/\/viverosalmendral.cl\/cat\/wp-json\/wp\/v2\/product\/72\/revisions"}],"wp:featuredmedia":[{"embeddable":true,"href":"https:\/\/viverosalmendral.cl\/cat\/wp-json\/wp\/v2\/media\/73"}],"wp:attachment":[{"href":"https:\/\/viverosalmendral.cl\/cat\/wp-json\/wp\/v2\/media?parent=72"}],"wp:term":[{"taxonomy":"product_brand","embeddable":true,"href":"https:\/\/viverosalmendral.cl\/cat\/wp-json\/wp\/v2\/product_brand?post=72"},{"taxonomy":"product_cat","embeddable":true,"href":"https:\/\/viverosalmendral.cl\/cat\/wp-json\/wp\/v2\/product_cat?post=72"},{"taxonomy":"product_tag","embeddable":true,"href":"https:\/\/viverosalmendral.cl\/cat\/wp-json\/wp\/v2\/product_tag?post=72"}],"curies":[{"name":"wp","href":"https:\/\/api.w.org\/{rel}","templated":true}]}}