{"id":67,"date":"2019-07-23T18:57:16","date_gmt":"2019-07-23T18:57:16","guid":{"rendered":"https:\/\/viverosalmendral.cl\/cat\/?post_type=product&#038;p=67"},"modified":"2019-07-23T18:57:16","modified_gmt":"2019-07-23T18:57:16","slug":"acer-japonico-acer-palmatum","status":"publish","type":"product","link":"https:\/\/viverosalmendral.cl\/cat\/producto\/acer-japonico-acer-palmatum\/","title":{"rendered":"Acer Jap\u00f3nico (Acer palmatum)"},"content":{"rendered":"<p>Es un arbusto o un peque\u00f1o \u00e1rbol deciduo alcanzando alturas de 6\u201310 m, raramente 16 m, con frecuencia creciendo como plantas accsorias en bosques sombreados. Puede tener m\u00faltiples troncos cerrando el suelo. En h\u00e1bito de crecimiento, toma formas de pir\u00e1mide (especialmente cuando j\u00f3ven) o de domo, cuando maduro. Las hojas de 4-12 cm de largo y ancho, palmadas lobuladas con 5-7-9 l\u00f3bulos agudos punteados; de colores purp\u00fareos rojizos torn\u00e1ndose rojo brillantes en oto\u00f1o. Muy decorativas por sus hojas rojo p\u00farpura transparentes en primavera, m\u00e1s tenues en verano, volvi\u00e9ndose rojo viol\u00e1ceas en oto\u00f1o. Las flores est\u00e1n en peque\u00f1as cimas, las flores individuales con 5-s\u00e9palos rojos o p\u00farpuras y 5-p\u00e9talos blancuzcos. Fruto: par de samaras aladas, cada una de 2-3 cm de largo con semillas de 6-8 mm. Sus semillas y de similares especies requieren estratificarse para germinaci\u00f3n.<\/p>\n","protected":false},"excerpt":{"rendered":"<p>Es un arbusto o un peque\u00f1o \u00e1rbol deciduo alcanzando alturas de 6\u201310 m, raramente 16 m, con frecuencia creciendo como plantas accsorias en bosques sombreados.<\/p>\n","protected":false},"featured_media":68,"comment_status":"open","ping_status":"closed","template":"","meta":[],"product_brand":[],"product_cat":[17],"product_tag":[19],"class_list":{"0":"post-67","1":"product","2":"type-product","3":"status-publish","4":"has-post-thumbnail","6":"product_cat-arboles","7":"product_tag-acer-japonico","9":"first","10":"instock","11":"shipping-taxable","12":"product-type-simple"},"_links":{"self":[{"href":"https:\/\/viverosalmendral.cl\/cat\/wp-json\/wp\/v2\/product\/67","targetHints":{"allow":["GET"]}}],"collection":[{"href":"https:\/\/viverosalmendral.cl\/cat\/wp-json\/wp\/v2\/product"}],"about":[{"href":"https:\/\/viverosalmendral.cl\/cat\/wp-json\/wp\/v2\/types\/product"}],"replies":[{"embeddable":true,"href":"https:\/\/viverosalmendral.cl\/cat\/wp-json\/wp\/v2\/comments?post=67"}],"version-history":[{"count":0,"href":"https:\/\/viverosalmendral.cl\/cat\/wp-json\/wp\/v2\/product\/67\/revisions"}],"wp:featuredmedia":[{"embeddable":true,"href":"https:\/\/viverosalmendral.cl\/cat\/wp-json\/wp\/v2\/media\/68"}],"wp:attachment":[{"href":"https:\/\/viverosalmendral.cl\/cat\/wp-json\/wp\/v2\/media?parent=67"}],"wp:term":[{"taxonomy":"product_brand","embeddable":true,"href":"https:\/\/viverosalmendral.cl\/cat\/wp-json\/wp\/v2\/product_brand?post=67"},{"taxonomy":"product_cat","embeddable":true,"href":"https:\/\/viverosalmendral.cl\/cat\/wp-json\/wp\/v2\/product_cat?post=67"},{"taxonomy":"product_tag","embeddable":true,"href":"https:\/\/viverosalmendral.cl\/cat\/wp-json\/wp\/v2\/product_tag?post=67"}],"curies":[{"name":"wp","href":"https:\/\/api.w.org\/{rel}","templated":true}]}}