{"id":61,"date":"2019-07-23T16:41:23","date_gmt":"2019-07-23T16:41:23","guid":{"rendered":"https:\/\/viverosalmendral.cl\/cat\/?post_type=product&#038;p=61"},"modified":"2019-07-24T10:54:24","modified_gmt":"2019-07-24T10:54:24","slug":"bedul-betuna-pendula","status":"publish","type":"product","link":"https:\/\/viverosalmendral.cl\/cat\/producto\/bedul-betuna-pendula\/","title":{"rendered":"Abedul (Betuna Pendula)"},"content":{"rendered":"<p>[pl_row]<br \/>\n[pl_col col=12]<br \/>\n[pl_text]<br \/>\nFamilia: Betul\u00e1ceas<\/p>\n<p>Lat\u00edn: betula alba<\/p>\n<p>Diur\u00e9tico y depurativo<\/p>\n<p>\u00c1rbol que puede alcanzar 30 m. de altura, con un di\u00e1metro de tronco de hasta 70 cm.; la corteza que se desprende a tiras es lisa y de color claro; las hojas son caducas, de color m\u00e1s claro por el env\u00e9s, de forma romboidal y dentada; las flores forman inflorescencias colgantes que producen aquenios alados; las yemas est\u00e1n dispuestas en la extremidad de las ramificaciones. Este \u00e1rbol se adapta f\u00e1cilmente en todos los climas y terrenos. Adem\u00e1s de sus principios curativos, se emplea tambi\u00e9n en variadas aplicaciones industriales.<\/p>\n<p>Florece en primavera.<\/p>\n<p>Presentaci\u00f3n: Hojas, yemas y cortezas desecadas y troceadas<br \/>\n[\/pl_text]<br \/>\n[\/pl_col]<br \/>\n[\/pl_row]<\/p>\n","protected":false},"excerpt":{"rendered":"<p>Diur\u00e9tico y depurativo<\/p>\n<p>\u00c1rbol que puede alcanzar 30 m. de altura, con un di\u00e1metro de tronco de hasta 70 cm<\/p>\n<p>Florece en primavera.<\/p>\n<p>Presentaci\u00f3n: Hojas, yemas y cortezas desecadas y troceadas<\/p>\n","protected":false},"featured_media":62,"comment_status":"open","ping_status":"closed","template":"","meta":[],"product_brand":[],"product_cat":[17],"product_tag":[18],"class_list":{"0":"post-61","1":"product","2":"type-product","3":"status-publish","4":"has-post-thumbnail","6":"product_cat-arboles","7":"product_tag-abedul","9":"first","10":"instock","11":"shipping-taxable","12":"product-type-simple"},"_links":{"self":[{"href":"https:\/\/viverosalmendral.cl\/cat\/wp-json\/wp\/v2\/product\/61","targetHints":{"allow":["GET"]}}],"collection":[{"href":"https:\/\/viverosalmendral.cl\/cat\/wp-json\/wp\/v2\/product"}],"about":[{"href":"https:\/\/viverosalmendral.cl\/cat\/wp-json\/wp\/v2\/types\/product"}],"replies":[{"embeddable":true,"href":"https:\/\/viverosalmendral.cl\/cat\/wp-json\/wp\/v2\/comments?post=61"}],"version-history":[{"count":0,"href":"https:\/\/viverosalmendral.cl\/cat\/wp-json\/wp\/v2\/product\/61\/revisions"}],"wp:featuredmedia":[{"embeddable":true,"href":"https:\/\/viverosalmendral.cl\/cat\/wp-json\/wp\/v2\/media\/62"}],"wp:attachment":[{"href":"https:\/\/viverosalmendral.cl\/cat\/wp-json\/wp\/v2\/media?parent=61"}],"wp:term":[{"taxonomy":"product_brand","embeddable":true,"href":"https:\/\/viverosalmendral.cl\/cat\/wp-json\/wp\/v2\/product_brand?post=61"},{"taxonomy":"product_cat","embeddable":true,"href":"https:\/\/viverosalmendral.cl\/cat\/wp-json\/wp\/v2\/product_cat?post=61"},{"taxonomy":"product_tag","embeddable":true,"href":"https:\/\/viverosalmendral.cl\/cat\/wp-json\/wp\/v2\/product_tag?post=61"}],"curies":[{"name":"wp","href":"https:\/\/api.w.org\/{rel}","templated":true}]}}