{"id":229,"date":"2019-07-30T14:56:24","date_gmt":"2019-07-30T14:56:24","guid":{"rendered":"https:\/\/viverosalmendral.cl\/cat\/?post_type=product&#038;p=229"},"modified":"2019-07-30T14:56:24","modified_gmt":"2019-07-30T14:56:24","slug":"rosa-floribunda-rosa-floribunda","status":"publish","type":"product","link":"https:\/\/viverosalmendral.cl\/cat\/producto\/rosa-floribunda-rosa-floribunda\/","title":{"rendered":"Rosa floribunda (Rosa floribunda)"},"content":{"rendered":"<p>Arbusto perenne de floraci\u00f3n o de vid del g\u00e9nero Rosa, dentro de la familia Rosaceae, que contiene m\u00e1s de 100 especies. Las especies forman un grupo de erigir arbustos, escalada y rastrero o plantas, con tallos que son a menudo armados con fuertes espinas. La mayor\u00eda son nativas de Asia, con un n\u00famero menor de especies nativas de Europa, Am\u00e9rica del Norte y el noroeste de \u00c1frica. Nativos, cultivares e h\u00edbridos son todos ampliamente cultivadas por su belleza y fragancia.<\/p>\n<p>Las hojas son alternas y pinnately compuestos, con marcadamente dentadas de forma ovalada en forma de folletos. Las plantas carnosas frutas comestibles que se llama una rosa de cadera. Rose plantas var\u00edan en tama\u00f1o desde peque\u00f1a, rosas en miniatura, para que los escaladores pueden llegar a 20 metros de altura. Las especies de diferentes partes del mundo hibridizar con facilidad, lo que ha dado lugar a los muchos tipos de jard\u00edn de rosas.<\/p>\n","protected":false},"excerpt":{"rendered":"<p>Arbusto perenne de floraci\u00f3n o de vid del g\u00e9nero Rosa, dentro de la familia Rosaceae, que contiene m\u00e1s de 100 especies. Las especies forman un grupo de erigir arbustos, escalada y rastrero o plantas, con tallos que son a menudo armados con fuertes espinas. La mayor\u00eda son nativas de Asia, con un n\u00famero menor de [&hellip;]<\/p>\n","protected":false},"featured_media":231,"comment_status":"open","ping_status":"closed","template":"","meta":[],"product_brand":[],"product_cat":[25],"product_tag":[58,57],"class_list":{"0":"post-229","1":"product","2":"type-product","3":"status-publish","4":"has-post-thumbnail","6":"product_cat-arbustos","7":"product_tag-fluribunda","8":"product_tag-rosa","10":"first","11":"instock","12":"shipping-taxable","13":"product-type-simple"},"_links":{"self":[{"href":"https:\/\/viverosalmendral.cl\/cat\/wp-json\/wp\/v2\/product\/229","targetHints":{"allow":["GET"]}}],"collection":[{"href":"https:\/\/viverosalmendral.cl\/cat\/wp-json\/wp\/v2\/product"}],"about":[{"href":"https:\/\/viverosalmendral.cl\/cat\/wp-json\/wp\/v2\/types\/product"}],"replies":[{"embeddable":true,"href":"https:\/\/viverosalmendral.cl\/cat\/wp-json\/wp\/v2\/comments?post=229"}],"version-history":[{"count":0,"href":"https:\/\/viverosalmendral.cl\/cat\/wp-json\/wp\/v2\/product\/229\/revisions"}],"wp:featuredmedia":[{"embeddable":true,"href":"https:\/\/viverosalmendral.cl\/cat\/wp-json\/wp\/v2\/media\/231"}],"wp:attachment":[{"href":"https:\/\/viverosalmendral.cl\/cat\/wp-json\/wp\/v2\/media?parent=229"}],"wp:term":[{"taxonomy":"product_brand","embeddable":true,"href":"https:\/\/viverosalmendral.cl\/cat\/wp-json\/wp\/v2\/product_brand?post=229"},{"taxonomy":"product_cat","embeddable":true,"href":"https:\/\/viverosalmendral.cl\/cat\/wp-json\/wp\/v2\/product_cat?post=229"},{"taxonomy":"product_tag","embeddable":true,"href":"https:\/\/viverosalmendral.cl\/cat\/wp-json\/wp\/v2\/product_tag?post=229"}],"curies":[{"name":"wp","href":"https:\/\/api.w.org\/{rel}","templated":true}]}}