{"id":226,"date":"2019-07-30T14:25:53","date_gmt":"2019-07-30T14:25:53","guid":{"rendered":"https:\/\/viverosalmendral.cl\/cat\/?post_type=product&#038;p=226"},"modified":"2019-07-30T14:25:53","modified_gmt":"2019-07-30T14:25:53","slug":"retamo-spartium-junceum","status":"publish","type":"product","link":"https:\/\/viverosalmendral.cl\/cat\/producto\/retamo-spartium-junceum\/","title":{"rendered":"Retamo (Spartium junceum)"},"content":{"rendered":"<p>T\u00edpicamente crece de 2 a 4 m de altura, raramente 5 m, con tallos centrales, numerosos, de m\u00e1s de 5 cm de espesor, raramente 1 dm. Es de crecer en matas, planta suculenta gris verdosa, mata junc\u00e1cea con peque\u00f1as y caducifolias hojas de 1-3 cm de longitud y 2-4 mm de ancho; las hojas son poco importantes para la planta, ya que mucha fotos\u00edntesis se hace en las varas (una estrategia de conservaci\u00f3n de agua en clima \u00e1rido). A fines de primavera y est\u00edo se cubre de flores profusas, fragantes, amarillas p\u00e1lidas de 2 cm de ancho. A fines de verano, sus legumbres (vainas de semillas) maduran en color negro, 4-8 cm de long., 6-8 mm de ancho y 2-3 mm de espesor; hacen deshicencia frecuentemente con un audible \u00abcrac\u00bb, desparramando las simientes desde el arbusto parental.<\/p>\n","protected":false},"excerpt":{"rendered":"<p>T\u00edpicamente crece de 2 a 4 m de altura, raramente 5 m, con tallos centrales, numerosos, de m\u00e1s de 5 cm de espesor, raramente 1 dm. Es de crecer en matas, planta suculenta gris verdosa, mata junc\u00e1cea con peque\u00f1as y caducifolias hojas de 1-3 cm de longitud y 2-4 mm de ancho; las hojas son poco importantes para la planta, ya que mucha fotos\u00edntesis se hace en las varas.<\/p>\n","protected":false},"featured_media":228,"comment_status":"open","ping_status":"closed","template":"","meta":[],"product_brand":[],"product_cat":[25],"product_tag":[56],"class_list":{"0":"post-226","1":"product","2":"type-product","3":"status-publish","4":"has-post-thumbnail","6":"product_cat-arbustos","7":"product_tag-retamo","9":"first","10":"instock","11":"shipping-taxable","12":"product-type-simple"},"_links":{"self":[{"href":"https:\/\/viverosalmendral.cl\/cat\/wp-json\/wp\/v2\/product\/226","targetHints":{"allow":["GET"]}}],"collection":[{"href":"https:\/\/viverosalmendral.cl\/cat\/wp-json\/wp\/v2\/product"}],"about":[{"href":"https:\/\/viverosalmendral.cl\/cat\/wp-json\/wp\/v2\/types\/product"}],"replies":[{"embeddable":true,"href":"https:\/\/viverosalmendral.cl\/cat\/wp-json\/wp\/v2\/comments?post=226"}],"version-history":[{"count":0,"href":"https:\/\/viverosalmendral.cl\/cat\/wp-json\/wp\/v2\/product\/226\/revisions"}],"wp:featuredmedia":[{"embeddable":true,"href":"https:\/\/viverosalmendral.cl\/cat\/wp-json\/wp\/v2\/media\/228"}],"wp:attachment":[{"href":"https:\/\/viverosalmendral.cl\/cat\/wp-json\/wp\/v2\/media?parent=226"}],"wp:term":[{"taxonomy":"product_brand","embeddable":true,"href":"https:\/\/viverosalmendral.cl\/cat\/wp-json\/wp\/v2\/product_brand?post=226"},{"taxonomy":"product_cat","embeddable":true,"href":"https:\/\/viverosalmendral.cl\/cat\/wp-json\/wp\/v2\/product_cat?post=226"},{"taxonomy":"product_tag","embeddable":true,"href":"https:\/\/viverosalmendral.cl\/cat\/wp-json\/wp\/v2\/product_tag?post=226"}],"curies":[{"name":"wp","href":"https:\/\/api.w.org\/{rel}","templated":true}]}}