{"id":223,"date":"2019-07-30T14:23:08","date_gmt":"2019-07-30T14:23:08","guid":{"rendered":"https:\/\/viverosalmendral.cl\/cat\/?post_type=product&#038;p=223"},"modified":"2019-07-30T14:23:09","modified_gmt":"2019-07-30T14:23:09","slug":"pita-phormium-tenax","status":"publish","type":"product","link":"https:\/\/viverosalmendral.cl\/cat\/producto\/pita-phormium-tenax\/","title":{"rendered":"Pita (Phormium tenax)"},"content":{"rendered":"<p>Herb\u00e1cea perenne monocots. La clasificaci\u00f3n Monocot ha tenido significativa revisi\u00f3n en la pasada d\u00e9cada, y recientes sistemas de clasificaci\u00f3n (incluyendo el APG) encontr\u00f3 que Phormium tenax est\u00e1 estrechamente emparentada con los lirios Hemerocallis. Phormium tenax sigue en la familia Agavaceae y continua en muchos sistemas de clasificaci\u00f3n.<\/p>\n","protected":false},"excerpt":{"rendered":"<p>Herb\u00e1cea perenne monocots. La clasificaci\u00f3n Monocot ha tenido significativa revisi\u00f3n en la pasada d\u00e9cada, y recientes sistemas de clasificaci\u00f3n (incluyendo el APG) encontr\u00f3 que Phormium tenax est\u00e1 estrechamente emparentada con los lirios Hemerocallis. Phormium tenax sigue en la familia Agavaceae y continua en muchos sistemas de clasificaci\u00f3n.<\/p>\n","protected":false},"featured_media":225,"comment_status":"open","ping_status":"closed","template":"","meta":[],"product_brand":[],"product_cat":[25],"product_tag":[55],"class_list":{"0":"post-223","1":"product","2":"type-product","3":"status-publish","4":"has-post-thumbnail","6":"product_cat-arbustos","7":"product_tag-pita","9":"first","10":"instock","11":"shipping-taxable","12":"product-type-simple"},"_links":{"self":[{"href":"https:\/\/viverosalmendral.cl\/cat\/wp-json\/wp\/v2\/product\/223","targetHints":{"allow":["GET"]}}],"collection":[{"href":"https:\/\/viverosalmendral.cl\/cat\/wp-json\/wp\/v2\/product"}],"about":[{"href":"https:\/\/viverosalmendral.cl\/cat\/wp-json\/wp\/v2\/types\/product"}],"replies":[{"embeddable":true,"href":"https:\/\/viverosalmendral.cl\/cat\/wp-json\/wp\/v2\/comments?post=223"}],"version-history":[{"count":0,"href":"https:\/\/viverosalmendral.cl\/cat\/wp-json\/wp\/v2\/product\/223\/revisions"}],"wp:featuredmedia":[{"embeddable":true,"href":"https:\/\/viverosalmendral.cl\/cat\/wp-json\/wp\/v2\/media\/225"}],"wp:attachment":[{"href":"https:\/\/viverosalmendral.cl\/cat\/wp-json\/wp\/v2\/media?parent=223"}],"wp:term":[{"taxonomy":"product_brand","embeddable":true,"href":"https:\/\/viverosalmendral.cl\/cat\/wp-json\/wp\/v2\/product_brand?post=223"},{"taxonomy":"product_cat","embeddable":true,"href":"https:\/\/viverosalmendral.cl\/cat\/wp-json\/wp\/v2\/product_cat?post=223"},{"taxonomy":"product_tag","embeddable":true,"href":"https:\/\/viverosalmendral.cl\/cat\/wp-json\/wp\/v2\/product_tag?post=223"}],"curies":[{"name":"wp","href":"https:\/\/api.w.org\/{rel}","templated":true}]}}