{"id":220,"date":"2019-07-30T14:20:54","date_gmt":"2019-07-30T14:20:54","guid":{"rendered":"https:\/\/viverosalmendral.cl\/cat\/?post_type=product&#038;p=220"},"modified":"2022-09-27T16:11:49","modified_gmt":"2022-09-27T16:11:49","slug":"nipa-escalloria-illinita","status":"publish","type":"product","link":"https:\/\/viverosalmendral.cl\/cat\/producto\/nipa-escalloria-illinita\/","title":{"rendered":"\u00d1ipa (Escalloria illinita)"},"content":{"rendered":"<p>Arbusto siempreverde que alcanza una altura de hasta 4m. Ramas nuevas glabras y muy olorosas. Hojas simples agrupadas de a 3-5, de borde finamente dentados. L\u00e1minas aovadas a oblongas, de 3,5-7 x 1,2-2,5cm, cubiertas de puntitos blancos (gl\u00e1ndulas) en ambas caras. Flores hermafroditas de 1-1,7cm de longitud, de color blanco, dispuestas en racimos terminales compuestos por 10-25 flores. C\u00e1liz formado por 5 s\u00e9palos fusionados, corola tubular de 5 p\u00e9talos. Estambres 5, estilo simple con estigma capitado. El fruto es una c\u00e1psula ovoide de 4-6mm con numerosas semillas en su interior.<\/p>\n","protected":false},"excerpt":{"rendered":"<p>Arbusto siempreverde que alcanza una altura de hasta 4m. Ramas nuevas glabras y muy olorosas. Hojas simples agrupadas de a 3-5, de borde finamente dentados. L\u00e1minas aovadas a oblongas, de 3,5-7 x 1,2-2,5cm, cubiertas de puntitos blancos (gl\u00e1ndulas) en ambas caras.<\/p>\n","protected":false},"featured_media":222,"comment_status":"open","ping_status":"closed","template":"","meta":[],"product_brand":[],"product_cat":[25],"product_tag":[54],"class_list":{"0":"post-220","1":"product","2":"type-product","3":"status-publish","4":"has-post-thumbnail","6":"product_cat-arbustos","7":"product_tag-nipa","9":"first","10":"instock","11":"shipping-taxable","12":"product-type-simple"},"_links":{"self":[{"href":"https:\/\/viverosalmendral.cl\/cat\/wp-json\/wp\/v2\/product\/220","targetHints":{"allow":["GET"]}}],"collection":[{"href":"https:\/\/viverosalmendral.cl\/cat\/wp-json\/wp\/v2\/product"}],"about":[{"href":"https:\/\/viverosalmendral.cl\/cat\/wp-json\/wp\/v2\/types\/product"}],"replies":[{"embeddable":true,"href":"https:\/\/viverosalmendral.cl\/cat\/wp-json\/wp\/v2\/comments?post=220"}],"version-history":[{"count":0,"href":"https:\/\/viverosalmendral.cl\/cat\/wp-json\/wp\/v2\/product\/220\/revisions"}],"wp:featuredmedia":[{"embeddable":true,"href":"https:\/\/viverosalmendral.cl\/cat\/wp-json\/wp\/v2\/media\/222"}],"wp:attachment":[{"href":"https:\/\/viverosalmendral.cl\/cat\/wp-json\/wp\/v2\/media?parent=220"}],"wp:term":[{"taxonomy":"product_brand","embeddable":true,"href":"https:\/\/viverosalmendral.cl\/cat\/wp-json\/wp\/v2\/product_brand?post=220"},{"taxonomy":"product_cat","embeddable":true,"href":"https:\/\/viverosalmendral.cl\/cat\/wp-json\/wp\/v2\/product_cat?post=220"},{"taxonomy":"product_tag","embeddable":true,"href":"https:\/\/viverosalmendral.cl\/cat\/wp-json\/wp\/v2\/product_tag?post=220"}],"curies":[{"name":"wp","href":"https:\/\/api.w.org\/{rel}","templated":true}]}}