{"id":189,"date":"2019-07-30T13:50:40","date_gmt":"2019-07-30T13:50:40","guid":{"rendered":"https:\/\/viverosalmendral.cl\/cat\/?post_type=product&#038;p=189"},"modified":"2019-07-30T13:50:52","modified_gmt":"2019-07-30T13:50:52","slug":"dracena-roja-cordyline-australis-atropurpurea","status":"publish","type":"product","link":"https:\/\/viverosalmendral.cl\/cat\/producto\/dracena-roja-cordyline-australis-atropurpurea\/","title":{"rendered":"Dracena roja (Cordyline australis astropurpurea)"},"content":{"rendered":"<p>Origen: nativa de Australia.<\/p>\n<p>La especie original tiene hojas gruesas y recurvadas de color verde mate y el nervio central rojizo.<\/p>\n<p>En los jardines de muchos pa\u00edses tropicales crecen h\u00edbridos sin designaci\u00f3n espec\u00edfica que llegan a desarrollar varios tallos y adquieren una forma semejante a la de un arbusto hasta alcanzar unos 3 m de altura.<\/p>\n<p>De las rosetas de hojas surge una masa de florecillas (menos de 1 cm) de color lila.<\/p>\n<p>Luego aparecen bayas rojipardas m\u00e1s o menos del mismo tama\u00f1o.<\/p>\n","protected":false},"excerpt":{"rendered":"<p>Origen: nativa de Australia.<\/p>\n<p>La especie original tiene hojas gruesas y recurvadas de color verde mate y el nervio central rojizo.<\/p>\n<p>En los jardines de muchos pa\u00edses tropicales crecen h\u00edbridos sin designaci\u00f3n espec\u00edfica que llegan a desarrollar varios tallos y adquieren una forma semejante a la de un arbusto hasta alcanzar unos 3 m de altura.<\/p>\n","protected":false},"featured_media":190,"comment_status":"open","ping_status":"closed","template":"","meta":[],"product_brand":[],"product_cat":[25],"product_tag":[44],"class_list":{"0":"post-189","1":"product","2":"type-product","3":"status-publish","4":"has-post-thumbnail","6":"product_cat-arbustos","7":"product_tag-dracena","9":"first","10":"instock","11":"shipping-taxable","12":"product-type-simple"},"_links":{"self":[{"href":"https:\/\/viverosalmendral.cl\/cat\/wp-json\/wp\/v2\/product\/189","targetHints":{"allow":["GET"]}}],"collection":[{"href":"https:\/\/viverosalmendral.cl\/cat\/wp-json\/wp\/v2\/product"}],"about":[{"href":"https:\/\/viverosalmendral.cl\/cat\/wp-json\/wp\/v2\/types\/product"}],"replies":[{"embeddable":true,"href":"https:\/\/viverosalmendral.cl\/cat\/wp-json\/wp\/v2\/comments?post=189"}],"version-history":[{"count":0,"href":"https:\/\/viverosalmendral.cl\/cat\/wp-json\/wp\/v2\/product\/189\/revisions"}],"wp:featuredmedia":[{"embeddable":true,"href":"https:\/\/viverosalmendral.cl\/cat\/wp-json\/wp\/v2\/media\/190"}],"wp:attachment":[{"href":"https:\/\/viverosalmendral.cl\/cat\/wp-json\/wp\/v2\/media?parent=189"}],"wp:term":[{"taxonomy":"product_brand","embeddable":true,"href":"https:\/\/viverosalmendral.cl\/cat\/wp-json\/wp\/v2\/product_brand?post=189"},{"taxonomy":"product_cat","embeddable":true,"href":"https:\/\/viverosalmendral.cl\/cat\/wp-json\/wp\/v2\/product_cat?post=189"},{"taxonomy":"product_tag","embeddable":true,"href":"https:\/\/viverosalmendral.cl\/cat\/wp-json\/wp\/v2\/product_tag?post=189"}],"curies":[{"name":"wp","href":"https:\/\/api.w.org\/{rel}","templated":true}]}}