{"id":174,"date":"2019-07-30T13:22:58","date_gmt":"2019-07-30T13:22:58","guid":{"rendered":"https:\/\/viverosalmendral.cl\/cat\/?post_type=product&#038;p=174"},"modified":"2019-07-30T13:22:59","modified_gmt":"2019-07-30T13:22:59","slug":"copo-de-nieve-viburnum-opulus","status":"publish","type":"product","link":"https:\/\/viverosalmendral.cl\/cat\/producto\/copo-de-nieve-viburnum-opulus\/","title":{"rendered":"Copo de nieve (Viburnum opulus)"},"content":{"rendered":"<p>Arbusto de porte redondeado y erguido con vegetaci\u00f3n abundante propio de bordes de bosques umbr\u00edos y cercan\u00edas de cursos de agua. De follaje caduco, alcanza una altura promedio de 4 metros, su crecimiento es de entre 10 y 15 cms por a\u00f1o y tiene la cualidad de comenzar a florecer cuando todav\u00eda es joven.<\/p>\n<p>Con valor ornamental por su forma, su abundante y particular floraci\u00f3n, siendo interesante para el jard\u00edn en oto\u00f1o por lo llamativo de su fructificaci\u00f3n.<br \/>\nSe adapta a ser usado en cercos vivos, como ejemplar aislado, como fondo de macisos o formando grupos.<\/p>\n<p>Hojas de entre 4 y 10 cms de largo, opuestas, pecioladas, tri o pentalobadas con borde dentado irregular, glabras por el haz y algo tomentosas por el env\u00e9s; color verde oscuro.<br \/>\nInflorescencias terminales en corimbos p\u00e9ndulos de forma esf\u00e9rica de hasta 8 cms de di\u00e1metro. Flores en color blanco o blanco-verdoso, hermafroditas de 2 cms de di\u00e1metro, las exteriores son est\u00e9riles, mientras las interiores son f\u00e9rtiles.<br \/>\nFruto en baya globosa de color rojo brillante cuando maduran.<\/p>\n","protected":false},"excerpt":{"rendered":"<p>Arbusto de porte redondeado y erguido con vegetaci\u00f3n abundante propio de bordes de bosques umbr\u00edos y cercan\u00edas de cursos de agua. De follaje caduco, alcanza una altura promedio de 4 metros, su crecimiento es de entre 10 y 15 cms por a\u00f1o y tiene la cualidad de comenzar a florecer cuando todav\u00eda es joven.<\/p>\n<p>Con valor ornamental por su forma, su abundante y particular floraci\u00f3n, siendo interesante para el jard\u00edn en oto\u00f1o por lo llamativo de su fructificaci\u00f3n.<br \/>\nSe adapta a ser usado en cercos vivos, como ejemplar aislado, como fondo de macisos o formando grupos.<\/p>\n","protected":false},"featured_media":175,"comment_status":"open","ping_status":"closed","template":"","meta":[],"product_brand":[],"product_cat":[25],"product_tag":[39],"class_list":{"0":"post-174","1":"product","2":"type-product","3":"status-publish","4":"has-post-thumbnail","6":"product_cat-arbustos","7":"product_tag-copo-nieve","9":"first","10":"instock","11":"shipping-taxable","12":"product-type-simple"},"_links":{"self":[{"href":"https:\/\/viverosalmendral.cl\/cat\/wp-json\/wp\/v2\/product\/174","targetHints":{"allow":["GET"]}}],"collection":[{"href":"https:\/\/viverosalmendral.cl\/cat\/wp-json\/wp\/v2\/product"}],"about":[{"href":"https:\/\/viverosalmendral.cl\/cat\/wp-json\/wp\/v2\/types\/product"}],"replies":[{"embeddable":true,"href":"https:\/\/viverosalmendral.cl\/cat\/wp-json\/wp\/v2\/comments?post=174"}],"version-history":[{"count":0,"href":"https:\/\/viverosalmendral.cl\/cat\/wp-json\/wp\/v2\/product\/174\/revisions"}],"wp:featuredmedia":[{"embeddable":true,"href":"https:\/\/viverosalmendral.cl\/cat\/wp-json\/wp\/v2\/media\/175"}],"wp:attachment":[{"href":"https:\/\/viverosalmendral.cl\/cat\/wp-json\/wp\/v2\/media?parent=174"}],"wp:term":[{"taxonomy":"product_brand","embeddable":true,"href":"https:\/\/viverosalmendral.cl\/cat\/wp-json\/wp\/v2\/product_brand?post=174"},{"taxonomy":"product_cat","embeddable":true,"href":"https:\/\/viverosalmendral.cl\/cat\/wp-json\/wp\/v2\/product_cat?post=174"},{"taxonomy":"product_tag","embeddable":true,"href":"https:\/\/viverosalmendral.cl\/cat\/wp-json\/wp\/v2\/product_tag?post=174"}],"curies":[{"name":"wp","href":"https:\/\/api.w.org\/{rel}","templated":true}]}}