{"id":171,"date":"2019-07-30T13:19:58","date_gmt":"2019-07-30T13:19:58","guid":{"rendered":"https:\/\/viverosalmendral.cl\/cat\/?post_type=product&#038;p=171"},"modified":"2019-07-30T13:19:58","modified_gmt":"2019-07-30T13:19:58","slug":"cola-de-zorro-cortaderia-selloana","status":"publish","type":"product","link":"https:\/\/viverosalmendral.cl\/cat\/producto\/cola-de-zorro-cortaderia-selloana\/","title":{"rendered":"Cola de zorro (Cortaderia selloana)"},"content":{"rendered":"<p>Especie bot\u00e1nica de pastos rizomatosos muy altos, end\u00e9mica en el Sur de Sudam\u00e9rica, en la regi\u00f3n pampeana y en la Patagonia.<\/p>\n<p>Posee numerosas denominaciones comunes, entre ellas plumero, plumerillo, cola de zorro, carrizo de la Pampa, paja penacho, paina, cortaderia, ginerio o gimnerio.<\/p>\n<p>Crece en densa mata, pudiendo alcanzar 3 m de altura; hojas siempreverdes, largas y finas, 1\u20132 m de largo y 1 cm ancho, con bordes muy afilados (debi\u00e9ndosela manipular con cuidado), color verde azulinas, pero pueden llegar a gris plateadas. Flores en densa pan\u00edcula blanca de 3\u20139 dm de largo y 2\u20133 m de altura sus varas florales; sus espiguillas de 15-25 mm, c\/una con 4-6 flores. Flores masculinas con 3-estambres, ovario rudimentario; femeninas con un ovario desarrollado y dos estilos plumosos. Florece de septiembre a octubre.<\/p>\n","protected":false},"excerpt":{"rendered":"<p>Especie bot\u00e1nica de pastos rizomatosos muy altos, end\u00e9mica en el Sur de Sudam\u00e9rica, en la regi\u00f3n pampeana y en la Patagonia.<\/p>\n<p>Posee numerosas denominaciones comunes, entre ellas plumero, plumerillo, cola de zorro, carrizo de la Pampa, paja penacho, paina, cortaderia, ginerio o gimnerio.<\/p>\n","protected":false},"featured_media":172,"comment_status":"open","ping_status":"closed","template":"","meta":[],"product_brand":[],"product_cat":[25],"product_tag":[38],"class_list":{"0":"post-171","1":"product","2":"type-product","3":"status-publish","4":"has-post-thumbnail","6":"product_cat-arbustos","7":"product_tag-cola-zorro","9":"first","10":"instock","11":"shipping-taxable","12":"product-type-simple"},"_links":{"self":[{"href":"https:\/\/viverosalmendral.cl\/cat\/wp-json\/wp\/v2\/product\/171","targetHints":{"allow":["GET"]}}],"collection":[{"href":"https:\/\/viverosalmendral.cl\/cat\/wp-json\/wp\/v2\/product"}],"about":[{"href":"https:\/\/viverosalmendral.cl\/cat\/wp-json\/wp\/v2\/types\/product"}],"replies":[{"embeddable":true,"href":"https:\/\/viverosalmendral.cl\/cat\/wp-json\/wp\/v2\/comments?post=171"}],"version-history":[{"count":0,"href":"https:\/\/viverosalmendral.cl\/cat\/wp-json\/wp\/v2\/product\/171\/revisions"}],"wp:featuredmedia":[{"embeddable":true,"href":"https:\/\/viverosalmendral.cl\/cat\/wp-json\/wp\/v2\/media\/172"}],"wp:attachment":[{"href":"https:\/\/viverosalmendral.cl\/cat\/wp-json\/wp\/v2\/media?parent=171"}],"wp:term":[{"taxonomy":"product_brand","embeddable":true,"href":"https:\/\/viverosalmendral.cl\/cat\/wp-json\/wp\/v2\/product_brand?post=171"},{"taxonomy":"product_cat","embeddable":true,"href":"https:\/\/viverosalmendral.cl\/cat\/wp-json\/wp\/v2\/product_cat?post=171"},{"taxonomy":"product_tag","embeddable":true,"href":"https:\/\/viverosalmendral.cl\/cat\/wp-json\/wp\/v2\/product_tag?post=171"}],"curies":[{"name":"wp","href":"https:\/\/api.w.org\/{rel}","templated":true}]}}